{"id":4514,"date":"2026-02-18T15:34:21","date_gmt":"2026-02-18T15:34:21","guid":{"rendered":"https:\/\/yzas.lt\/?post_type=product&#038;p=4514"},"modified":"2026-02-18T15:34:21","modified_gmt":"2026-02-18T15:34:21","slug":"hugo-boss-sportinis-kostiumas-vaikiskas","status":"publish","type":"product","link":"https:\/\/yzas.lt\/?product=hugo-boss-sportinis-kostiumas-vaikiskas","title":{"rendered":"Hugo boss sportinis kostiumas vaiki\u0161kas."},"content":{"rendered":"<p>Hugo boss sportinis kostiumas vaiki\u0161kas + kepur\u0117.<\/p>\n","protected":false},"excerpt":{"rendered":"<p>Hugo boss sportinis kostiumas vaiki\u0161kas + kepur\u0117.<\/p>\n","protected":false},"featured_media":4475,"comment_status":"open","ping_status":"closed","template":"","meta":{"site-sidebar-layout":"default","site-content-layout":"default","ast-main-header-display":"","ast-hfb-above-header-display":"","ast-hfb-below-header-display":"","ast-hfb-mobile-header-display":"","site-post-title":"","ast-breadcrumbs-content":"","ast-featured-img":"","footer-sml-layout":"","theme-transparent-header-meta":"default","adv-header-id-meta":"","stick-header-meta":"","header-above-stick-meta":"","header-main-stick-meta":"","header-below-stick-meta":""},"product_cat":[80,57,58],"product_tag":[],"class_list":{"0":"post-4514","1":"product","2":"type-product","3":"status-publish","4":"has-post-thumbnail","6":"product_cat-vaikiski-rubai","7":"product_cat-nuolaidos","8":"product_cat-populiariausios","9":"pa_dydis-11-12-metai","10":"pa_dydis-3-4-metai","11":"pa_dydis-5-6-metai","13":"first","14":"instock","15":"sale","16":"shipping-taxable","17":"purchasable","18":"product-type-variable"},"_links":{"self":[{"href":"https:\/\/yzas.lt\/index.php?rest_route=\/wp\/v2\/product\/4514"}],"collection":[{"href":"https:\/\/yzas.lt\/index.php?rest_route=\/wp\/v2\/product"}],"about":[{"href":"https:\/\/yzas.lt\/index.php?rest_route=\/wp\/v2\/types\/product"}],"replies":[{"embeddable":true,"href":"https:\/\/yzas.lt\/index.php?rest_route=%2Fwp%2Fv2%2Fcomments&post=4514"}],"wp:featuredmedia":[{"embeddable":true,"href":"https:\/\/yzas.lt\/index.php?rest_route=\/wp\/v2\/media\/4475"}],"wp:attachment":[{"href":"https:\/\/yzas.lt\/index.php?rest_route=%2Fwp%2Fv2%2Fmedia&parent=4514"}],"wp:term":[{"taxonomy":"product_cat","embeddable":true,"href":"https:\/\/yzas.lt\/index.php?rest_route=%2Fwp%2Fv2%2Fproduct_cat&post=4514"},{"taxonomy":"product_tag","embeddable":true,"href":"https:\/\/yzas.lt\/index.php?rest_route=%2Fwp%2Fv2%2Fproduct_tag&post=4514"}],"curies":[{"name":"wp","href":"https:\/\/api.w.org\/{rel}","templated":true}]}}