{"id":4499,"date":"2026-02-18T15:13:30","date_gmt":"2026-02-18T15:13:30","guid":{"rendered":"https:\/\/yzas.lt\/?post_type=product&#038;p=4499"},"modified":"2026-02-18T15:13:30","modified_gmt":"2026-02-18T15:13:30","slug":"louis-vuitton-moteriskas-dirzas","status":"publish","type":"product","link":"https:\/\/yzas.lt\/?product=louis-vuitton-moteriskas-dirzas","title":{"rendered":"Louis Vuitton moteri\u0161kas dir\u017eas."},"content":{"rendered":"<p>Louis Vuitton moteri\u0161kas dir\u017eas.<\/p>\n","protected":false},"excerpt":{"rendered":"<p>Louis Vuitton moteri\u0161kas dir\u017eas.<\/p>\n","protected":false},"featured_media":4470,"comment_status":"open","ping_status":"closed","template":"","meta":{"site-sidebar-layout":"default","site-content-layout":"default","ast-main-header-display":"","ast-hfb-above-header-display":"","ast-hfb-below-header-display":"","ast-hfb-mobile-header-display":"","site-post-title":"","ast-breadcrumbs-content":"","ast-featured-img":"","footer-sml-layout":"","theme-transparent-header-meta":"default","adv-header-id-meta":"","stick-header-meta":"","header-above-stick-meta":"","header-main-stick-meta":"","header-below-stick-meta":""},"product_cat":[53,88,89,57,58],"product_tag":[],"class_list":{"0":"post-4499","1":"product","2":"type-product","3":"status-publish","4":"has-post-thumbnail","6":"product_cat-moteriski-drabuziai","7":"product_cat-moteriskos-kojines","8":"product_cat-moteriski-apatiniai","9":"product_cat-nuolaidos","10":"product_cat-populiariausios","12":"first","13":"instock","14":"sale","15":"shipping-taxable","16":"purchasable","17":"product-type-simple"},"_links":{"self":[{"href":"https:\/\/yzas.lt\/index.php?rest_route=\/wp\/v2\/product\/4499"}],"collection":[{"href":"https:\/\/yzas.lt\/index.php?rest_route=\/wp\/v2\/product"}],"about":[{"href":"https:\/\/yzas.lt\/index.php?rest_route=\/wp\/v2\/types\/product"}],"replies":[{"embeddable":true,"href":"https:\/\/yzas.lt\/index.php?rest_route=%2Fwp%2Fv2%2Fcomments&post=4499"}],"wp:featuredmedia":[{"embeddable":true,"href":"https:\/\/yzas.lt\/index.php?rest_route=\/wp\/v2\/media\/4470"}],"wp:attachment":[{"href":"https:\/\/yzas.lt\/index.php?rest_route=%2Fwp%2Fv2%2Fmedia&parent=4499"}],"wp:term":[{"taxonomy":"product_cat","embeddable":true,"href":"https:\/\/yzas.lt\/index.php?rest_route=%2Fwp%2Fv2%2Fproduct_cat&post=4499"},{"taxonomy":"product_tag","embeddable":true,"href":"https:\/\/yzas.lt\/index.php?rest_route=%2Fwp%2Fv2%2Fproduct_tag&post=4499"}],"curies":[{"name":"wp","href":"https:\/\/api.w.org\/{rel}","templated":true}]}}