{"id":4497,"date":"2026-02-18T15:08:50","date_gmt":"2026-02-18T15:08:50","guid":{"rendered":"https:\/\/yzas.lt\/?post_type=product&#038;p=4497"},"modified":"2026-02-18T15:08:51","modified_gmt":"2026-02-18T15:08:51","slug":"calvin-klein-dirzas-moteriskas","status":"publish","type":"product","link":"https:\/\/yzas.lt\/?product=calvin-klein-dirzas-moteriskas","title":{"rendered":"calvin klein dir\u017eas moteri\u0161kas"},"content":{"rendered":"<p>calvin klein dir\u017eas moteri\u0161kas<\/p>\n","protected":false},"excerpt":{"rendered":"<p>calvin klein dir\u017eas moteri\u0161kas<\/p>\n","protected":false},"featured_media":4467,"comment_status":"open","ping_status":"closed","template":"","meta":{"site-sidebar-layout":"default","site-content-layout":"default","ast-main-header-display":"","ast-hfb-above-header-display":"","ast-hfb-below-header-display":"","ast-hfb-mobile-header-display":"","site-post-title":"","ast-breadcrumbs-content":"","ast-featured-img":"","footer-sml-layout":"","theme-transparent-header-meta":"default","adv-header-id-meta":"","stick-header-meta":"","header-above-stick-meta":"","header-main-stick-meta":"","header-below-stick-meta":""},"product_cat":[53,77,88,89,57,58],"product_tag":[],"class_list":{"0":"post-4497","1":"product","2":"type-product","3":"status-publish","4":"has-post-thumbnail","6":"product_cat-moteriski-drabuziai","7":"product_cat-moteriskos-timpes-ir-tampres-moterims","8":"product_cat-moteriskos-kojines","9":"product_cat-moteriski-apatiniai","10":"product_cat-nuolaidos","11":"product_cat-populiariausios","13":"first","14":"instock","15":"sale","16":"shipping-taxable","17":"purchasable","18":"product-type-simple"},"_links":{"self":[{"href":"https:\/\/yzas.lt\/index.php?rest_route=\/wp\/v2\/product\/4497"}],"collection":[{"href":"https:\/\/yzas.lt\/index.php?rest_route=\/wp\/v2\/product"}],"about":[{"href":"https:\/\/yzas.lt\/index.php?rest_route=\/wp\/v2\/types\/product"}],"replies":[{"embeddable":true,"href":"https:\/\/yzas.lt\/index.php?rest_route=%2Fwp%2Fv2%2Fcomments&post=4497"}],"wp:featuredmedia":[{"embeddable":true,"href":"https:\/\/yzas.lt\/index.php?rest_route=\/wp\/v2\/media\/4467"}],"wp:attachment":[{"href":"https:\/\/yzas.lt\/index.php?rest_route=%2Fwp%2Fv2%2Fmedia&parent=4497"}],"wp:term":[{"taxonomy":"product_cat","embeddable":true,"href":"https:\/\/yzas.lt\/index.php?rest_route=%2Fwp%2Fv2%2Fproduct_cat&post=4497"},{"taxonomy":"product_tag","embeddable":true,"href":"https:\/\/yzas.lt\/index.php?rest_route=%2Fwp%2Fv2%2Fproduct_tag&post=4497"}],"curies":[{"name":"wp","href":"https:\/\/api.w.org\/{rel}","templated":true}]}}