{"id":4456,"date":"2026-02-12T13:51:37","date_gmt":"2026-02-12T13:51:37","guid":{"rendered":"https:\/\/yzas.lt\/?post_type=product&#038;p=4456"},"modified":"2026-02-12T13:51:37","modified_gmt":"2026-02-12T13:51:37","slug":"ziemines-kepures-polo-ralph-lauren","status":"publish","type":"product","link":"https:\/\/yzas.lt\/?product=ziemines-kepures-polo-ralph-lauren","title":{"rendered":"\u017diemin\u0117s kepur\u0117s  Polo Ralph Lauren"},"content":{"rendered":"<p>\u017diemin\u0117s kepur\u0117s Polo Ralph Lauren<\/p>\n","protected":false},"excerpt":{"rendered":"<p>\u017diemin\u0117s kepur\u0117s Polo Ralph Lauren<\/p>\n","protected":false},"featured_media":4453,"comment_status":"open","ping_status":"closed","template":"","meta":{"site-sidebar-layout":"default","site-content-layout":"default","ast-main-header-display":"","ast-hfb-above-header-display":"","ast-hfb-below-header-display":"","ast-hfb-mobile-header-display":"","site-post-title":"","ast-breadcrumbs-content":"","ast-featured-img":"","footer-sml-layout":"","theme-transparent-header-meta":"default","adv-header-id-meta":"","stick-header-meta":"","header-above-stick-meta":"","header-main-stick-meta":"","header-below-stick-meta":""},"product_cat":[15,57,58],"product_tag":[],"class_list":{"0":"post-4456","1":"product","2":"type-product","3":"status-publish","4":"has-post-thumbnail","6":"product_cat-vyriski-drabuziai","7":"product_cat-nuolaidos","8":"product_cat-populiariausios","10":"first","11":"instock","12":"sale","13":"shipping-taxable","14":"purchasable","15":"product-type-simple"},"_links":{"self":[{"href":"https:\/\/yzas.lt\/index.php?rest_route=\/wp\/v2\/product\/4456"}],"collection":[{"href":"https:\/\/yzas.lt\/index.php?rest_route=\/wp\/v2\/product"}],"about":[{"href":"https:\/\/yzas.lt\/index.php?rest_route=\/wp\/v2\/types\/product"}],"replies":[{"embeddable":true,"href":"https:\/\/yzas.lt\/index.php?rest_route=%2Fwp%2Fv2%2Fcomments&post=4456"}],"wp:featuredmedia":[{"embeddable":true,"href":"https:\/\/yzas.lt\/index.php?rest_route=\/wp\/v2\/media\/4453"}],"wp:attachment":[{"href":"https:\/\/yzas.lt\/index.php?rest_route=%2Fwp%2Fv2%2Fmedia&parent=4456"}],"wp:term":[{"taxonomy":"product_cat","embeddable":true,"href":"https:\/\/yzas.lt\/index.php?rest_route=%2Fwp%2Fv2%2Fproduct_cat&post=4456"},{"taxonomy":"product_tag","embeddable":true,"href":"https:\/\/yzas.lt\/index.php?rest_route=%2Fwp%2Fv2%2Fproduct_tag&post=4456"}],"curies":[{"name":"wp","href":"https:\/\/api.w.org\/{rel}","templated":true}]}}