{"id":4390,"date":"2026-02-10T13:47:23","date_gmt":"2026-02-10T13:47:23","guid":{"rendered":"https:\/\/yzas.lt\/?post_type=product&#038;p=4390"},"modified":"2026-02-10T13:47:23","modified_gmt":"2026-02-10T13:47:23","slug":"victorias-secret-love-addict","status":"publish","type":"product","link":"https:\/\/yzas.lt\/?product=victorias-secret-love-addict","title":{"rendered":"VICTORIA&#8217;S SECRET LOVE ADDICT"},"content":{"rendered":"<p>k\u016bno migla<\/p>\n<p>Atraskite laukini\u0173 orchid\u0117j\u0173 ir spindin\u010di\u0173 mimoz\u0173 kvap\u0105 su VICTORIA&#8217;S SECRET LOVE ADDICT k\u016bno migla. Flirtuokite!<\/p>\n<p><strong>Aromato natos<\/strong>\u00a0\u2013 orchid\u0117jos, mimozos.<\/p>\n","protected":false},"excerpt":{"rendered":"<p>k\u016bno migla Atraskite laukini\u0173 orchid\u0117j\u0173 ir spindin\u010di\u0173 mimoz\u0173 kvap\u0105 su VICTORIA&#8217;S SECRET LOVE ADDICT k\u016bno migla. Flirtuokite! Aromato natos\u00a0\u2013 orchid\u0117jos, mimozos.<\/p>\n","protected":false},"featured_media":4391,"comment_status":"open","ping_status":"closed","template":"","meta":{"site-sidebar-layout":"default","site-content-layout":"default","ast-main-header-display":"","ast-hfb-above-header-display":"","ast-hfb-below-header-display":"","ast-hfb-mobile-header-display":"","site-post-title":"","ast-breadcrumbs-content":"","ast-featured-img":"","footer-sml-layout":"","theme-transparent-header-meta":"default","adv-header-id-meta":"","stick-header-meta":"","header-above-stick-meta":"","header-main-stick-meta":"","header-below-stick-meta":""},"product_cat":[79,57,58],"product_tag":[],"class_list":{"0":"post-4390","1":"product","2":"type-product","3":"status-publish","4":"has-post-thumbnail","6":"product_cat-moteriski-kvepalai","7":"product_cat-nuolaidos","8":"product_cat-populiariausios","10":"first","11":"instock","12":"sale","13":"shipping-taxable","14":"purchasable","15":"product-type-simple"},"_links":{"self":[{"href":"https:\/\/yzas.lt\/index.php?rest_route=\/wp\/v2\/product\/4390"}],"collection":[{"href":"https:\/\/yzas.lt\/index.php?rest_route=\/wp\/v2\/product"}],"about":[{"href":"https:\/\/yzas.lt\/index.php?rest_route=\/wp\/v2\/types\/product"}],"replies":[{"embeddable":true,"href":"https:\/\/yzas.lt\/index.php?rest_route=%2Fwp%2Fv2%2Fcomments&post=4390"}],"wp:featuredmedia":[{"embeddable":true,"href":"https:\/\/yzas.lt\/index.php?rest_route=\/wp\/v2\/media\/4391"}],"wp:attachment":[{"href":"https:\/\/yzas.lt\/index.php?rest_route=%2Fwp%2Fv2%2Fmedia&parent=4390"}],"wp:term":[{"taxonomy":"product_cat","embeddable":true,"href":"https:\/\/yzas.lt\/index.php?rest_route=%2Fwp%2Fv2%2Fproduct_cat&post=4390"},{"taxonomy":"product_tag","embeddable":true,"href":"https:\/\/yzas.lt\/index.php?rest_route=%2Fwp%2Fv2%2Fproduct_tag&post=4390"}],"curies":[{"name":"wp","href":"https:\/\/api.w.org\/{rel}","templated":true}]}}