{"id":4266,"date":"2025-08-06T12:20:42","date_gmt":"2025-08-06T12:20:42","guid":{"rendered":"https:\/\/yzas.lt\/?post_type=product&#038;p=4266"},"modified":"2025-08-06T12:20:42","modified_gmt":"2025-08-06T12:20:42","slug":"dior-joy-edp","status":"publish","type":"product","link":"https:\/\/yzas.lt\/?product=dior-joy-edp","title":{"rendered":"Dior Joy EDP"},"content":{"rendered":"<p>Dior Joy EDP 90 ml<br \/>\nTalpa: 90 ml<br \/>\nB\u016bkl\u0117: Visi\u0161kai naujas, nenaudotas, su d\u0117\u017eute<br \/>\nKvapas: Moteri\u0161kas<br \/>\nTai \u0161viesus, d\u017eiaugsmingas ir itin moteri\u0161kas aromatas \u2013 lengvas, ta\u010diau tuo pa\u010diu prabangus. Puikiai tinka tiek kasdienai, tiek ypatingoms progoms.<br \/>\nPagrindin\u0117s natos:<br \/>\nVir\u0161utin\u0117s: bergamot\u0117, mandarinas.<br \/>\nVidurin\u0117s: ro\u017e\u0117, jazminas, persikas, juodieji serbentai.<br \/>\nBazin\u0117s: sandalmedis, kedras, muskusas, pa\u010diulis<\/p>\n","protected":false},"excerpt":{"rendered":"<p>Dior Joy EDP 90 ml Talpa: 90 ml B\u016bkl\u0117: Visi\u0161kai naujas, nenaudotas, su d\u0117\u017eute Kvapas: Moteri\u0161kas Tai \u0161viesus, d\u017eiaugsmingas ir itin moteri\u0161kas aromatas \u2013 lengvas, ta\u010diau tuo pa\u010diu prabangus. Puikiai tinka tiek kasdienai, tiek ypatingoms progoms. Pagrindin\u0117s natos: Vir\u0161utin\u0117s: bergamot\u0117, mandarinas. Vidurin\u0117s: ro\u017e\u0117, jazminas, persikas, juodieji serbentai. Bazin\u0117s: sandalmedis, kedras, muskusas, pa\u010diulis<\/p>\n","protected":false},"featured_media":4245,"comment_status":"open","ping_status":"closed","template":"","meta":{"site-sidebar-layout":"default","site-content-layout":"default","ast-main-header-display":"","ast-hfb-above-header-display":"","ast-hfb-below-header-display":"","ast-hfb-mobile-header-display":"","site-post-title":"","ast-breadcrumbs-content":"","ast-featured-img":"","footer-sml-layout":"","theme-transparent-header-meta":"default","adv-header-id-meta":"","stick-header-meta":"","header-above-stick-meta":"","header-main-stick-meta":"","header-below-stick-meta":""},"product_cat":[79],"product_tag":[],"class_list":{"0":"post-4266","1":"product","2":"type-product","3":"status-publish","4":"has-post-thumbnail","6":"product_cat-moteriski-kvepalai","8":"first","9":"instock","10":"sale","11":"shipping-taxable","12":"purchasable","13":"product-type-variable"},"_links":{"self":[{"href":"https:\/\/yzas.lt\/index.php?rest_route=\/wp\/v2\/product\/4266"}],"collection":[{"href":"https:\/\/yzas.lt\/index.php?rest_route=\/wp\/v2\/product"}],"about":[{"href":"https:\/\/yzas.lt\/index.php?rest_route=\/wp\/v2\/types\/product"}],"replies":[{"embeddable":true,"href":"https:\/\/yzas.lt\/index.php?rest_route=%2Fwp%2Fv2%2Fcomments&post=4266"}],"wp:featuredmedia":[{"embeddable":true,"href":"https:\/\/yzas.lt\/index.php?rest_route=\/wp\/v2\/media\/4245"}],"wp:attachment":[{"href":"https:\/\/yzas.lt\/index.php?rest_route=%2Fwp%2Fv2%2Fmedia&parent=4266"}],"wp:term":[{"taxonomy":"product_cat","embeddable":true,"href":"https:\/\/yzas.lt\/index.php?rest_route=%2Fwp%2Fv2%2Fproduct_cat&post=4266"},{"taxonomy":"product_tag","embeddable":true,"href":"https:\/\/yzas.lt\/index.php?rest_route=%2Fwp%2Fv2%2Fproduct_tag&post=4266"}],"curies":[{"name":"wp","href":"https:\/\/api.w.org\/{rel}","templated":true}]}}