{"id":4132,"date":"2025-05-14T12:51:08","date_gmt":"2025-05-14T12:51:08","guid":{"rendered":"https:\/\/yzas.lt\/?post_type=product&#038;p=4132"},"modified":"2025-07-12T16:27:11","modified_gmt":"2025-07-12T16:27:11","slug":"nike-raudonos-sportines-tampres","status":"publish","type":"product","link":"https:\/\/yzas.lt\/?product=nike-raudonos-sportines-tampres","title":{"rendered":"Nike raudonos sportin\u0117s tampr\u0117s."},"content":{"rendered":"<p>Nike raudonos sportin\u0117s tampr\u0117s.<\/p>\n","protected":false},"excerpt":{"rendered":"<p>Nike raudonos sportin\u0117s tampr\u0117s.<\/p>\n","protected":false},"featured_media":4101,"comment_status":"open","ping_status":"closed","template":"","meta":{"site-sidebar-layout":"default","site-content-layout":"default","ast-main-header-display":"","ast-hfb-above-header-display":"","ast-hfb-below-header-display":"","ast-hfb-mobile-header-display":"","site-post-title":"","ast-breadcrumbs-content":"","ast-featured-img":"","footer-sml-layout":"","theme-transparent-header-meta":"default","adv-header-id-meta":"","stick-header-meta":"","header-above-stick-meta":"","header-main-stick-meta":"","header-below-stick-meta":""},"product_cat":[53,77,57,58],"product_tag":[],"class_list":{"0":"post-4132","1":"product","2":"type-product","3":"status-publish","4":"has-post-thumbnail","6":"product_cat-moteriski-drabuziai","7":"product_cat-moteriskos-timpes-ir-tampres-moterims","8":"product_cat-nuolaidos","9":"product_cat-populiariausios","10":"pa_dydis-s","11":"pa_dydis-m","12":"pa_dydis-l","13":"pa_dydis-xl","15":"first","16":"instock","17":"sale","18":"shipping-taxable","19":"purchasable","20":"product-type-variable"},"_links":{"self":[{"href":"https:\/\/yzas.lt\/index.php?rest_route=\/wp\/v2\/product\/4132"}],"collection":[{"href":"https:\/\/yzas.lt\/index.php?rest_route=\/wp\/v2\/product"}],"about":[{"href":"https:\/\/yzas.lt\/index.php?rest_route=\/wp\/v2\/types\/product"}],"replies":[{"embeddable":true,"href":"https:\/\/yzas.lt\/index.php?rest_route=%2Fwp%2Fv2%2Fcomments&post=4132"}],"wp:featuredmedia":[{"embeddable":true,"href":"https:\/\/yzas.lt\/index.php?rest_route=\/wp\/v2\/media\/4101"}],"wp:attachment":[{"href":"https:\/\/yzas.lt\/index.php?rest_route=%2Fwp%2Fv2%2Fmedia&parent=4132"}],"wp:term":[{"taxonomy":"product_cat","embeddable":true,"href":"https:\/\/yzas.lt\/index.php?rest_route=%2Fwp%2Fv2%2Fproduct_cat&post=4132"},{"taxonomy":"product_tag","embeddable":true,"href":"https:\/\/yzas.lt\/index.php?rest_route=%2Fwp%2Fv2%2Fproduct_tag&post=4132"}],"curies":[{"name":"wp","href":"https:\/\/api.w.org\/{rel}","templated":true}]}}