{"id":4094,"date":"2025-05-14T12:01:58","date_gmt":"2025-05-14T12:01:58","guid":{"rendered":"https:\/\/yzas.lt\/?post_type=product&#038;p=4094"},"modified":"2025-06-30T16:10:38","modified_gmt":"2025-06-30T16:10:38","slug":"hugo-boss-melynos-spalvos-vyriskas-sportinis-kostiumas","status":"publish","type":"product","link":"https:\/\/yzas.lt\/?product=hugo-boss-melynos-spalvos-vyriskas-sportinis-kostiumas","title":{"rendered":"Hugo boss m\u0117lynos spalvos vyri\u0161kas sportinis kostiumas."},"content":{"rendered":"<p>Hugo boss m\u0117lynos spalvos vyri\u0161kas sportinis kostiumas.<\/p>\n","protected":false},"excerpt":{"rendered":"<p>Hugo boss m\u0117lynos spalvos vyri\u0161kas sportinis kostiumas.<\/p>\n","protected":false},"featured_media":4097,"comment_status":"open","ping_status":"closed","template":"","meta":{"site-sidebar-layout":"default","site-content-layout":"default","ast-main-header-display":"","ast-hfb-above-header-display":"","ast-hfb-below-header-display":"","ast-hfb-mobile-header-display":"","site-post-title":"","ast-breadcrumbs-content":"","ast-featured-img":"","footer-sml-layout":"","theme-transparent-header-meta":"default","adv-header-id-meta":"","stick-header-meta":"","header-above-stick-meta":"","header-main-stick-meta":"","header-below-stick-meta":""},"product_cat":[15,26,57,58],"product_tag":[],"class_list":{"0":"post-4094","1":"product","2":"type-product","3":"status-publish","4":"has-post-thumbnail","6":"product_cat-vyriski-drabuziai","7":"product_cat-vyriski-sportiniai-kostiumai","8":"product_cat-nuolaidos","9":"product_cat-populiariausios","10":"pa_dydis-m","11":"pa_dydis-l","12":"pa_dydis-xl","13":"pa_dydis-xxl","15":"first","16":"instock","17":"sale","18":"shipping-taxable","19":"purchasable","20":"product-type-variable"},"_links":{"self":[{"href":"https:\/\/yzas.lt\/index.php?rest_route=\/wp\/v2\/product\/4094"}],"collection":[{"href":"https:\/\/yzas.lt\/index.php?rest_route=\/wp\/v2\/product"}],"about":[{"href":"https:\/\/yzas.lt\/index.php?rest_route=\/wp\/v2\/types\/product"}],"replies":[{"embeddable":true,"href":"https:\/\/yzas.lt\/index.php?rest_route=%2Fwp%2Fv2%2Fcomments&post=4094"}],"wp:featuredmedia":[{"embeddable":true,"href":"https:\/\/yzas.lt\/index.php?rest_route=\/wp\/v2\/media\/4097"}],"wp:attachment":[{"href":"https:\/\/yzas.lt\/index.php?rest_route=%2Fwp%2Fv2%2Fmedia&parent=4094"}],"wp:term":[{"taxonomy":"product_cat","embeddable":true,"href":"https:\/\/yzas.lt\/index.php?rest_route=%2Fwp%2Fv2%2Fproduct_cat&post=4094"},{"taxonomy":"product_tag","embeddable":true,"href":"https:\/\/yzas.lt\/index.php?rest_route=%2Fwp%2Fv2%2Fproduct_tag&post=4094"}],"curies":[{"name":"wp","href":"https:\/\/api.w.org\/{rel}","templated":true}]}}