{"id":3553,"date":"2023-12-05T12:36:30","date_gmt":"2023-12-05T12:36:30","guid":{"rendered":"https:\/\/yzas.lt\/?post_type=product&#038;p=3553"},"modified":"2025-10-10T13:12:29","modified_gmt":"2025-10-10T13:12:29","slug":"nike-vyriskas-dzemperis-3","status":"publish","type":"product","link":"https:\/\/yzas.lt\/?product=nike-vyriskas-dzemperis-3","title":{"rendered":"NIKE VYRI\u0160KAS D\u017dEMPERIS GELTONAS"},"content":{"rendered":"<p>\u2013 Labai kokybi\u0161ka med\u017eiaga: 80% medviln\u0117, 20% polisteris.<br \/>\n\u2013 Labai \u0161ilti, patog\u016bs. Slim fit modelio.<br \/>\n\u2013 Priekyje yra keng\u016bros tipo ki\u0161en\u0117s.<\/p>\n","protected":false},"excerpt":{"rendered":"<p>\u2013 Labai kokybi\u0161ka med\u017eiaga: 80% medviln\u0117, 20% polisteris.<br \/>\n\u2013 Labai \u0161ilti, patog\u016bs. Slim fit modelio.<br \/>\n\u2013 Priekyje yra keng\u016bros tipo ki\u0161en\u0117s.<\/p>\n","protected":false},"featured_media":3090,"comment_status":"open","ping_status":"closed","template":"","meta":{"site-sidebar-layout":"default","site-content-layout":"default","ast-main-header-display":"","ast-hfb-above-header-display":"","ast-hfb-below-header-display":"","ast-hfb-mobile-header-display":"","site-post-title":"","ast-breadcrumbs-content":"","ast-featured-img":"","footer-sml-layout":"","theme-transparent-header-meta":"default","adv-header-id-meta":"","stick-header-meta":"","header-above-stick-meta":"","header-main-stick-meta":"","header-below-stick-meta":""},"product_cat":[15,27],"product_tag":[],"class_list":{"0":"post-3553","1":"product","2":"type-product","3":"status-publish","4":"has-post-thumbnail","6":"product_cat-vyriski-drabuziai","7":"product_cat-vyriski-sportiniai-dzemperiai","8":"pa_dydis-m","9":"pa_dydis-xxl","11":"first","12":"instock","13":"sale","14":"shipping-taxable","15":"purchasable","16":"product-type-variable"},"_links":{"self":[{"href":"https:\/\/yzas.lt\/index.php?rest_route=\/wp\/v2\/product\/3553"}],"collection":[{"href":"https:\/\/yzas.lt\/index.php?rest_route=\/wp\/v2\/product"}],"about":[{"href":"https:\/\/yzas.lt\/index.php?rest_route=\/wp\/v2\/types\/product"}],"replies":[{"embeddable":true,"href":"https:\/\/yzas.lt\/index.php?rest_route=%2Fwp%2Fv2%2Fcomments&post=3553"}],"wp:featuredmedia":[{"embeddable":true,"href":"https:\/\/yzas.lt\/index.php?rest_route=\/wp\/v2\/media\/3090"}],"wp:attachment":[{"href":"https:\/\/yzas.lt\/index.php?rest_route=%2Fwp%2Fv2%2Fmedia&parent=3553"}],"wp:term":[{"taxonomy":"product_cat","embeddable":true,"href":"https:\/\/yzas.lt\/index.php?rest_route=%2Fwp%2Fv2%2Fproduct_cat&post=3553"},{"taxonomy":"product_tag","embeddable":true,"href":"https:\/\/yzas.lt\/index.php?rest_route=%2Fwp%2Fv2%2Fproduct_tag&post=3553"}],"curies":[{"name":"wp","href":"https:\/\/api.w.org\/{rel}","templated":true}]}}