{"id":3537,"date":"2023-11-25T18:09:16","date_gmt":"2023-11-25T18:09:16","guid":{"rendered":"https:\/\/yzas.lt\/?post_type=product&#038;p=3537"},"modified":"2025-06-30T15:52:53","modified_gmt":"2025-06-30T15:52:53","slug":"veliurinis-vyriskas-sportinis-kostiumas-2","status":"publish","type":"product","link":"https:\/\/yzas.lt\/?product=veliurinis-vyriskas-sportinis-kostiumas-2","title":{"rendered":"VELI\u016aRINIS VYRI\u0160KAS SPORTINIS KOSTIUMAS M\u0116LYNAS"},"content":{"rendered":"<div class=\"woocommerce-tabs wc-tabs-wrapper\">\n<div id=\"tab-description\" class=\"woocommerce-Tabs-panel woocommerce-Tabs-panel--description panel entry-content wc-tab\" role=\"tabpanel\" aria-labelledby=\"tab-title-description\">\n<p>Vyri\u0161kas sportinis kostiumas. Puiki med\u017eiaga, kuri jums leis patogiai jaustis , mink\u0161tas ir jaukus veli\u016bras.<\/p>\n<\/div>\n<\/div>\n","protected":false},"excerpt":{"rendered":"<div class=\"woocommerce-tabs wc-tabs-wrapper\">\n<div id=\"tab-description\" class=\"woocommerce-Tabs-panel woocommerce-Tabs-panel--description panel entry-content wc-tab\" role=\"tabpanel\" aria-labelledby=\"tab-title-description\">\n<p>Vyri\u0161kas sportinis kostiumas. Puiki med\u017eiaga, kuri jums leis patogiai jaustis , mink\u0161tas ir jaukus veli\u016bras.<\/p>\n<\/div>\n<\/div>\n","protected":false},"featured_media":3507,"comment_status":"open","ping_status":"closed","template":"","meta":{"site-sidebar-layout":"default","site-content-layout":"default","ast-main-header-display":"","ast-hfb-above-header-display":"","ast-hfb-below-header-display":"","ast-hfb-mobile-header-display":"","site-post-title":"","ast-breadcrumbs-content":"","ast-featured-img":"","footer-sml-layout":"","theme-transparent-header-meta":"default","adv-header-id-meta":"","stick-header-meta":"","header-above-stick-meta":"","header-main-stick-meta":"","header-below-stick-meta":""},"product_cat":[15,26,57,58],"product_tag":[],"class_list":{"0":"post-3537","1":"product","2":"type-product","3":"status-publish","4":"has-post-thumbnail","6":"product_cat-vyriski-drabuziai","7":"product_cat-vyriski-sportiniai-kostiumai","8":"product_cat-nuolaidos","9":"product_cat-populiariausios","10":"pa_dydis-m","11":"pa_dydis-l","12":"pa_dydis-xl","13":"pa_dydis-xxl","15":"first","16":"instock","17":"sale","18":"shipping-taxable","19":"purchasable","20":"product-type-variable"},"_links":{"self":[{"href":"https:\/\/yzas.lt\/index.php?rest_route=\/wp\/v2\/product\/3537"}],"collection":[{"href":"https:\/\/yzas.lt\/index.php?rest_route=\/wp\/v2\/product"}],"about":[{"href":"https:\/\/yzas.lt\/index.php?rest_route=\/wp\/v2\/types\/product"}],"replies":[{"embeddable":true,"href":"https:\/\/yzas.lt\/index.php?rest_route=%2Fwp%2Fv2%2Fcomments&post=3537"}],"wp:featuredmedia":[{"embeddable":true,"href":"https:\/\/yzas.lt\/index.php?rest_route=\/wp\/v2\/media\/3507"}],"wp:attachment":[{"href":"https:\/\/yzas.lt\/index.php?rest_route=%2Fwp%2Fv2%2Fmedia&parent=3537"}],"wp:term":[{"taxonomy":"product_cat","embeddable":true,"href":"https:\/\/yzas.lt\/index.php?rest_route=%2Fwp%2Fv2%2Fproduct_cat&post=3537"},{"taxonomy":"product_tag","embeddable":true,"href":"https:\/\/yzas.lt\/index.php?rest_route=%2Fwp%2Fv2%2Fproduct_tag&post=3537"}],"curies":[{"name":"wp","href":"https:\/\/api.w.org\/{rel}","templated":true}]}}