{"id":3382,"date":"2022-05-15T18:17:59","date_gmt":"2022-05-15T18:17:59","guid":{"rendered":"https:\/\/yzas.lt\/?post_type=product&#038;p=3382"},"modified":"2025-06-30T15:27:20","modified_gmt":"2025-06-30T15:27:20","slug":"sortai-su-marskineliais-boss","status":"publish","type":"product","link":"https:\/\/yzas.lt\/?product=sortai-su-marskineliais-boss","title":{"rendered":"\u0160ortai su mar\u0161kin\u0117liais Boss"},"content":{"rendered":"<p>Puiki med\u017eiaga, kuri jums leis patogiai jaustis sportuojant ir kitaip praleid\u017eiant savo laik\u0105.<br \/>\n\u2013 Auk\u0161tos kokyb\u0117s med\u017eiaga: 95% medviln\u0117 5% likra.<br \/>\n\u2013 Puikiai tinka sportuojant, laisvalaikiui.<\/p>\n","protected":false},"excerpt":{"rendered":"<p>Puiki med\u017eiaga, kuri jums leis patogiai jaustis sportuojant ir kitaip praleid\u017eiant savo laik\u0105. \u2013 Auk\u0161tos kokyb\u0117s med\u017eiaga: 95% medviln\u0117 5% likra. \u2013 Puikiai tinka sportuojant, laisvalaikiui.<\/p>\n","protected":false},"featured_media":3384,"comment_status":"open","ping_status":"closed","template":"","meta":{"site-sidebar-layout":"default","site-content-layout":"default","ast-main-header-display":"","ast-hfb-above-header-display":"","ast-hfb-below-header-display":"","ast-hfb-mobile-header-display":"","site-post-title":"","ast-breadcrumbs-content":"","ast-featured-img":"","footer-sml-layout":"","theme-transparent-header-meta":"default","adv-header-id-meta":"","stick-header-meta":"","header-above-stick-meta":"","header-main-stick-meta":"","header-below-stick-meta":""},"product_cat":[60,58],"product_tag":[],"class_list":{"0":"post-3382","1":"product","2":"type-product","3":"status-publish","4":"has-post-thumbnail","6":"product_cat-sortai-su-marskineliais","7":"product_cat-populiariausios","8":"pa_dydis-xl","9":"pa_dydis-xxl","11":"first","12":"instock","13":"sale","14":"shipping-taxable","15":"purchasable","16":"product-type-variable"},"_links":{"self":[{"href":"https:\/\/yzas.lt\/index.php?rest_route=\/wp\/v2\/product\/3382"}],"collection":[{"href":"https:\/\/yzas.lt\/index.php?rest_route=\/wp\/v2\/product"}],"about":[{"href":"https:\/\/yzas.lt\/index.php?rest_route=\/wp\/v2\/types\/product"}],"replies":[{"embeddable":true,"href":"https:\/\/yzas.lt\/index.php?rest_route=%2Fwp%2Fv2%2Fcomments&post=3382"}],"wp:featuredmedia":[{"embeddable":true,"href":"https:\/\/yzas.lt\/index.php?rest_route=\/wp\/v2\/media\/3384"}],"wp:attachment":[{"href":"https:\/\/yzas.lt\/index.php?rest_route=%2Fwp%2Fv2%2Fmedia&parent=3382"}],"wp:term":[{"taxonomy":"product_cat","embeddable":true,"href":"https:\/\/yzas.lt\/index.php?rest_route=%2Fwp%2Fv2%2Fproduct_cat&post=3382"},{"taxonomy":"product_tag","embeddable":true,"href":"https:\/\/yzas.lt\/index.php?rest_route=%2Fwp%2Fv2%2Fproduct_tag&post=3382"}],"curies":[{"name":"wp","href":"https:\/\/api.w.org\/{rel}","templated":true}]}}