{"id":2910,"date":"2022-04-10T18:23:55","date_gmt":"2022-04-10T18:23:55","guid":{"rendered":"https:\/\/yzas.lt\/?page_id=2910"},"modified":"2022-04-10T18:23:55","modified_gmt":"2022-04-10T18:23:55","slug":"atsiskaitymo-budai","status":"publish","type":"page","link":"https:\/\/yzas.lt\/?page_id=2910","title":{"rendered":"ATSISKAITYMO B\u016aDAI"},"content":{"rendered":"\n<p><\/p>\n\n\n\n<p>Mok\u0117kite mok\u0117jimo kortele!<\/p>\n\n\n\n<ul class=\"wp-block-list\"><li>J\u016bs\u0173 patogumui si\u016blome atsiskaityti u\u017e prekes mok\u0117jimo kortele.<\/li><li>Pasirink\u0119 \u0161\u012f mok\u0117jimo b\u016bd\u0105, atsiskaitysite u\u017e u\u017esakym\u0105 i\u0161kart!<br>SVARBU! Atsiskaitymai kortele vykdomi tik jei J\u016bs\u0173 kortel\u0119 i\u0161dav\u0119s bankas dalyvauja saugi\u0173 atsiskaitym\u0173 internetu programose (MasterCard SecureCode arba Verified by Visa). Suvedus kortel\u0117s duomenis J\u016bs galite b\u016bti nukreiptas \u012f J\u016bs\u0173 kortel\u0119 i\u0161davusio banko puslap\u012f saugos kodo suvedimui, kuris reikalingas J\u016bs\u0173 tapatyb\u0117s patvirtinimui. Jei mok\u0117jimas nebus patvirtintas, pra\u0161ome kreiptis \u012f J\u016bs\u0173 kortel\u0119 i\u0161davus\u012f bank\u0105 arba pasirinkti kit\u0105 mok\u0117jimo b\u016bd\u0105.<\/li><li>SEB interneto bankas (AB \u201eSEB bankas\u201c). Teirautis telefonu: 1528<\/li><li>Swedbank interneto bankas (AB \u201cSwedbank\u201d). Teirautis telefonu: 1884<\/li><li>Luminor (Luminor Bankas Lietuvos skyrius). Teirautis telefonu: 1608<\/li><li>Citadele internet bankas (AB \u201eCitadele bankas\u201c). Teirautis telefonu: 8 800 72739<\/li><li>\u0160iauli\u0173 banko \u201eSB linija\u201c (AB \u201e\u0160iauli\u0173 bankas\u201c). Teirautis telefonu: 8 700 55055<br>Mok\u0117kite per elektronin\u0119 bankininkyst\u0119!<br>Atsiskaityti galima naudojantis elektronine bankininkyste arba per Paysera mok\u0117jim\u0173 sistem\u0105. \u0160iuo metu u\u017e prekes galima sumok\u0117ti naudojantis \u0161iomis elektronin\u0117s bankininkyst\u0117s sistemomis:<\/li><li>Swedbank interneto bankas (AB bankas \u201eSwedbank\u201c)<\/li><li>SEB interneto bankas (AB \u201eSEB bankas\u201c)<\/li><li>Luminor (Luminor bankas Lietuvos skyrius)<\/li><li>Citadele internet bankas (AB \u201eCitadele bankas\u201c)<\/li><li>\u0160iauli\u0173 banko \u201eSB linija\u201c (AB \u201e\u0160iauli\u0173 bankas\u201c)<\/li><li>Paysera (Paysera LT, UAB)<br>Kaip apmok\u0117ti u\u017esakym\u0105 naudojantis elektronine bankininkyste?<\/li><\/ul>\n\n\n\n<ol class=\"wp-block-list\"><li>U\u017epildykite u\u017esakym\u0105 ir u\u017esakymo \u017eingsnyje \u201eMok\u0117jimo b\u016bdas\u201c pasirinkite savo bank\u0105.<\/li><li>Yzas.lt nukreips Jus \u012f banko puslap\u012f ir perduos elektronin\u0117s bankininkyst\u0117s sistemai duomenis apie sum\u0105, kuri\u0105 reikia apmok\u0117ti.<\/li><li>Elektronin\u0117s bankininkyst\u0117s puslapyje prisijunkite \u012fprastu b\u016bdu ir sistema jau bus Jums suformavusi mok\u0117jim\u0105 u\u017e i\u0161sirinktas prekes. Beliks tik patvirtinti mok\u0117jim\u0105.<\/li><li>Patvirtinus mok\u0117jim\u0105, elektronin\u0117s bankininkyst\u0117s puslapis u\u017esidarys, o J\u016bs v\u0117l sugr\u012f\u0161ite \u012f yzas.lt Prisijungimo prie elektronin\u0117s bankininkyst\u0117s duomenys naudojami tik prisijungimui prie banko puslapio, o gr\u012f\u017etant \u012f internetin\u0119 parduotuv\u0119 yzas.lt neperduodami.<br>Kaip atsiskaityti per Paysera s\u0105skait\u0105?<\/li><li>Pasirinkite atsiskaitym\u0105 per Paysera s\u0105skait\u0105 ir Jums automati\u0161kai bus suformuotas mok\u0117jimas.<\/li><li>Mok\u0117jim\u0105 patvirtinti ir atsiskaityti u\u017e prekes gal\u0117site dviem b\u016bdais: prisijungus prie Paysera s\u0105skaitos arba su Paysera program\u0117le skenuojant QR kod\u0105.<\/li><li>Atlikus mok\u0117jim\u0105 puslapis u\u017esidarys, o J\u016bs v\u0117l sugr\u012f\u0161ite \u012f yzas.lt Apie s\u0117kmingai atlikt\u0105 mok\u0117jim\u0105 b\u016bsite informuoti el. pa\u0161tu.<\/li><\/ol>\n","protected":false},"excerpt":{"rendered":"<p>Mok\u0117kite mok\u0117jimo kortele! J\u016bs\u0173 patogumui si\u016blome atsiskaityti u\u017e prekes mok\u0117jimo kortele. Pasirink\u0119 \u0161\u012f mok\u0117jimo b\u016bd\u0105, atsiskaitysite u\u017e u\u017esakym\u0105 i\u0161kart!SVARBU! Atsiskaitymai kortele vykdomi tik jei J\u016bs\u0173 kortel\u0119 i\u0161dav\u0119s bankas dalyvauja saugi\u0173 atsiskaitym\u0173 internetu programose (MasterCard SecureCode arba Verified by Visa). Suvedus kortel\u0117s duomenis J\u016bs galite b\u016bti nukreiptas \u012f J\u016bs\u0173 kortel\u0119 i\u0161davusio banko puslap\u012f saugos kodo suvedimui, &hellip;<\/p>\n<p class=\"read-more\"> <a class=\"\" href=\"https:\/\/yzas.lt\/?page_id=2910\"> <span class=\"screen-reader-text\">ATSISKAITYMO B\u016aDAI<\/span> Skaityti daugiau &raquo;<\/a><\/p>\n","protected":false},"author":1,"featured_media":0,"parent":0,"menu_order":0,"comment_status":"closed","ping_status":"closed","template":"","meta":{"site-sidebar-layout":"default","site-content-layout":"default","ast-main-header-display":"","ast-hfb-above-header-display":"","ast-hfb-below-header-display":"","ast-hfb-mobile-header-display":"","site-post-title":"","ast-breadcrumbs-content":"","ast-featured-img":"","footer-sml-layout":"","theme-transparent-header-meta":"","adv-header-id-meta":"","stick-header-meta":"","header-above-stick-meta":"","header-main-stick-meta":"","header-below-stick-meta":"","footnotes":""},"class_list":["post-2910","page","type-page","status-publish","hentry"],"_links":{"self":[{"href":"https:\/\/yzas.lt\/index.php?rest_route=\/wp\/v2\/pages\/2910"}],"collection":[{"href":"https:\/\/yzas.lt\/index.php?rest_route=\/wp\/v2\/pages"}],"about":[{"href":"https:\/\/yzas.lt\/index.php?rest_route=\/wp\/v2\/types\/page"}],"author":[{"embeddable":true,"href":"https:\/\/yzas.lt\/index.php?rest_route=\/wp\/v2\/users\/1"}],"replies":[{"embeddable":true,"href":"https:\/\/yzas.lt\/index.php?rest_route=%2Fwp%2Fv2%2Fcomments&post=2910"}],"version-history":[{"count":1,"href":"https:\/\/yzas.lt\/index.php?rest_route=\/wp\/v2\/pages\/2910\/revisions"}],"predecessor-version":[{"id":2911,"href":"https:\/\/yzas.lt\/index.php?rest_route=\/wp\/v2\/pages\/2910\/revisions\/2911"}],"wp:attachment":[{"href":"https:\/\/yzas.lt\/index.php?rest_route=%2Fwp%2Fv2%2Fmedia&parent=2910"}],"curies":[{"name":"wp","href":"https:\/\/api.w.org\/{rel}","templated":true}]}}