{"id":2907,"date":"2022-04-10T18:10:43","date_gmt":"2022-04-10T18:10:43","guid":{"rendered":"https:\/\/yzas.lt\/?page_id=2907"},"modified":"2022-04-11T13:50:13","modified_gmt":"2022-04-11T13:50:13","slug":"kaip-pirkti","status":"publish","type":"page","link":"https:\/\/yzas.lt\/?page_id=2907","title":{"rendered":"KAIP PIRKTI"},"content":{"rendered":"\n<p>Preki\u0173 u\u017esakymas<br>Pirkti prekes elektronin\u0117je parduotuv\u0117je \u201e \u201c paprasta, lengva ir greita. Preki\u0173 u\u017esakymai priimami 24 val.per dien\u0105, 7 dienas per savait\u0119.<br>Preki\u0173 u\u017esakymo eiga<br>M\u016bs\u0173 parduotuv\u0117je pirkti galite tiek b\u016bdami prisiregistrav\u0119 klientai (paspaud\u0119 ant nuorodos \u201ePrisijungti\u201d \/ \u201cRegistruotis\u201c), tiek neu\u017esiregistrav\u0119.<br>1) Prek\u0117s pasirinkimas<br>Prekes rinkit\u0117s i\u0161 preki\u0173 katalogo grupi\u0173.<br>I\u0161 preki\u0173 katalogo i\u0161sirink\u0119 norim\u0105 prek\u0119, reikiam\u0105 dyd\u012f ir kiek\u012f, spauskite prie jos esan\u010di\u0105 nuorod\u0105 \u201e\u012e krep\u0161el\u012f\u201d . J\u016bs\u0173 pasirinkta prek\u0117 atsidurs krep\u0161elyje.<br>2) Preki\u0173 krep\u0161elio per\u017ei\u016bra ir redagavimas<br>I\u0161sirink\u0119 ir sud\u0117j\u0119 \u012f krep\u0161el\u012f visas ketinamas pirkti prekes, spauskite \u201ePer\u017ei\u016br\u0117ti krep\u0161el\u012f\u201c. Atsidariusiame lange J\u016bs matysite visas savo pasirinktas prekes, j\u0173 dyd\u017eius, kiekius, bei kainas. Nor\u0117dami pa\u0161alinti prek\u0119 i\u0161 krep\u0161elio, spauskite kry\u017eiuk\u0105 esant\u012f \u0161alia nepageidaujamos prek\u0117s.<br>Lange taip pat matote pristatymo kainos skai\u010diuokl\u0119, kuri teikia preliminari\u0105 pristatymo kain\u0105, apskai\u010diuojam\u0105 pagal J\u016bs\u0173 pasirinkt\u0105 pristatymo teritorij\u0105.<br>\u0160iame lange galite \u012fvesti turimos nuolaidos kod\u0105 ir j\u012f pritaikyti. Nuolaida bus paskai\u010diuota i\u0161 karto ir i\u0161minusuota i\u0161 galutin\u0117s mok\u0117jimo sumos. Paspaudus mygtuk\u0105 \u201eT\u0119sti apsipirkim\u0105\u201c J\u016bs b\u016bsite nukreipti atgal \u012f preki\u0173 katalog\u0105.<br>Spustel\u0117jus \u201ePrad\u0117ti pirkim\u0105\u201c b\u016bsite nukreipti \u012f u\u017esakymo formavimo lang\u0105.<br>3) U\u017esakymo pateikimas<br>Prad\u0117j\u0119 pirkim\u0105, b\u016bsite nukreipti \u012f u\u017esakymo lang\u0105, kuriame \u012fveskite b\u016btin\u0105 informacij\u0105: vard\u0105, pavard\u0119, el.pa\u0161t\u0105, telefon\u0105, nurodykite adres\u0105 (u\u017epild\u017eius gatv\u0119 ir namo numer\u012f sistema automatik\u0161kai \u012fra\u0161ys pa\u0161to kod\u0105). Jeigu norite, pa\u017eym\u0117kite laukel\u012f \u201eTapti registuotu vartotoju\u201c, tuomet sistema Jus \u012ftrauks \u012f registruot\u0173 vartotoj\u0173 s\u0105ra\u0161\u0105 ir kit\u0105 kart\u0105 apsipirkin\u0117jant savo duomen\u0173 \u012fvedin\u0117ti nebereik\u0117s.<br>Pateikus u\u017esakym\u0105, yra suteikiamas u\u017esakymo numeris. Vienos darbo valandos b\u0117gyje, J\u016bs\u0173 u\u017esakymas bus per\u017ei\u016br\u0117tas ir patvirtintas, arba su Jumis susisieks m\u016bs\u0173 atstovas.<br>U\u017esakymas pradedamas vykdyti gavus apmok\u0117jim\u0105, jeigu pasirinktas mok\u0117jimo tipas buvo \u201cApmok\u0117jimas internetu\u201d arba \u201cBankiniu pavedimu\u201d. U\u017esakymas pradedamas vykdyti nedelsiant, jei pasirinktas mok\u0117jimo tipas buvo \u201cGrynaisiais pinigais\u201d.<br>Apie u\u017esakymo b\u016bkl\u0119 (\u201cLaukia patvirtinimo\u201d \/ \u201cPatvirtintas\u201d \/ \u201cApmok\u0117tas\u201d \/ \u201cRuo\u0161iamas\u201d \/ \u201cParuo\u0161tas\u201d\/\u201d I\u0161si\u0173stas\u201d\/ \u201cAt\u0161auktas\u201d\/ \u201cPakeistas\u201d) Jus informuojame prane\u0161imais nurodytu elektroniniu pa\u0161tu.<\/p>\n","protected":false},"excerpt":{"rendered":"<p>Preki\u0173 u\u017esakymasPirkti prekes elektronin\u0117je parduotuv\u0117je \u201e \u201c paprasta, lengva ir greita. Preki\u0173 u\u017esakymai priimami 24 val.per dien\u0105, 7 dienas per savait\u0119.Preki\u0173 u\u017esakymo eigaM\u016bs\u0173 parduotuv\u0117je pirkti galite tiek b\u016bdami prisiregistrav\u0119 klientai (paspaud\u0119 ant nuorodos \u201ePrisijungti\u201d \/ \u201cRegistruotis\u201c), tiek neu\u017esiregistrav\u0119.1) Prek\u0117s pasirinkimasPrekes rinkit\u0117s i\u0161 preki\u0173 katalogo grupi\u0173.I\u0161 preki\u0173 katalogo i\u0161sirink\u0119 norim\u0105 prek\u0119, reikiam\u0105 dyd\u012f ir kiek\u012f, spauskite &hellip;<\/p>\n<p class=\"read-more\"> <a class=\"\" href=\"https:\/\/yzas.lt\/?page_id=2907\"> <span class=\"screen-reader-text\">KAIP PIRKTI<\/span> Skaityti daugiau &raquo;<\/a><\/p>\n","protected":false},"author":1,"featured_media":0,"parent":0,"menu_order":0,"comment_status":"closed","ping_status":"closed","template":"","meta":{"site-sidebar-layout":"default","site-content-layout":"default","ast-main-header-display":"","ast-hfb-above-header-display":"","ast-hfb-below-header-display":"","ast-hfb-mobile-header-display":"","site-post-title":"","ast-breadcrumbs-content":"","ast-featured-img":"","footer-sml-layout":"","theme-transparent-header-meta":"","adv-header-id-meta":"","stick-header-meta":"","header-above-stick-meta":"","header-main-stick-meta":"","header-below-stick-meta":"","footnotes":""},"class_list":["post-2907","page","type-page","status-publish","hentry"],"_links":{"self":[{"href":"https:\/\/yzas.lt\/index.php?rest_route=\/wp\/v2\/pages\/2907"}],"collection":[{"href":"https:\/\/yzas.lt\/index.php?rest_route=\/wp\/v2\/pages"}],"about":[{"href":"https:\/\/yzas.lt\/index.php?rest_route=\/wp\/v2\/types\/page"}],"author":[{"embeddable":true,"href":"https:\/\/yzas.lt\/index.php?rest_route=\/wp\/v2\/users\/1"}],"replies":[{"embeddable":true,"href":"https:\/\/yzas.lt\/index.php?rest_route=%2Fwp%2Fv2%2Fcomments&post=2907"}],"version-history":[{"count":2,"href":"https:\/\/yzas.lt\/index.php?rest_route=\/wp\/v2\/pages\/2907\/revisions"}],"predecessor-version":[{"id":2933,"href":"https:\/\/yzas.lt\/index.php?rest_route=\/wp\/v2\/pages\/2907\/revisions\/2933"}],"wp:attachment":[{"href":"https:\/\/yzas.lt\/index.php?rest_route=%2Fwp%2Fv2%2Fmedia&parent=2907"}],"curies":[{"name":"wp","href":"https:\/\/api.w.org\/{rel}","templated":true}]}}